{"id":430,"date":"2024-11-06T15:22:08","date_gmt":"2024-11-06T15:22:08","guid":{"rendered":"https:\/\/hotelpalacioazteca.com\/?page_id=430"},"modified":"2025-10-18T19:14:30","modified_gmt":"2025-10-18T19:14:30","slug":"contacto","status":"publish","type":"page","link":"https:\/\/hotelpalacioazteca.com\/?page_id=430","title":{"rendered":"Contacto"},"content":{"rendered":"\t\t<div data-elementor-type=\"wp-page\" data-elementor-id=\"430\" class=\"elementor elementor-430\">\n\t\t\t\t\t\t\t<div class=\"elementor-element elementor-element-a5024fa e-flex e-con-boxed elementor-invisible e-con e-parent\" data-id=\"a5024fa\" data-element_type=\"container\" data-settings=\"{&quot;background_background&quot;:&quot;classic&quot;,&quot;animation&quot;:&quot;fadeInUp&quot;,&quot;content_width&quot;:&quot;boxed&quot;}\" data-core-v316-plus=\"true\">\n\t\t\t\t\t<div class=\"e-con-inner\">\n\t\t<div class=\"elementor-element elementor-element-d7f5157 e-con-full e-flex e-con e-child\" data-id=\"d7f5157\" data-element_type=\"container\" data-settings=\"{&quot;content_width&quot;:&quot;full&quot;}\">\n\t\t\t\t<div class=\"elementor-element elementor-element-db4deb5 elementor-widget elementor-widget-heading\" data-id=\"db4deb5\" data-element_type=\"widget\" data-widget_type=\"heading.default\">\n\t\t\t\t<div class=\"elementor-widget-container\">\n\t\t\t<style>\/*! elementor - v3.18.0 - 20-12-2023 *\/\n.elementor-heading-title{padding:0;margin:0;line-height:1}.elementor-widget-heading .elementor-heading-title[class*=elementor-size-]>a{color:inherit;font-size:inherit;line-height:inherit}.elementor-widget-heading .elementor-heading-title.elementor-size-small{font-size:15px}.elementor-widget-heading .elementor-heading-title.elementor-size-medium{font-size:19px}.elementor-widget-heading .elementor-heading-title.elementor-size-large{font-size:29px}.elementor-widget-heading .elementor-heading-title.elementor-size-xl{font-size:39px}.elementor-widget-heading .elementor-heading-title.elementor-size-xxl{font-size:59px}<\/style><h1 class=\"elementor-heading-title elementor-size-default\">Blvd. Cuauht\u00e9moc Sur no. 213\n\nCol. D\u00e1vila, Tijuana, B.C.\n\nC.P. 22044\n\n\n\n\nMex (664) 681 8100\n\nUSA 011 +52 (664) 6818100<\/h1>\t\t<\/div>\n\t\t\t\t<\/div>\n\t\t\t\t<div class=\"elementor-element elementor-element-8e634b0 elementor-align-right elementor-widget elementor-widget-button\" data-id=\"8e634b0\" data-element_type=\"widget\" data-widget_type=\"button.default\">\n\t\t\t\t<div class=\"elementor-widget-container\">\n\t\t\t\t\t<div class=\"elementor-button-wrapper\">\n\t\t\t<a class=\"elementor-button elementor-button-link elementor-size-sm\" href=\"https:\/\/www.wyndhamhotels.com\/trademark\/tijuana-mexico\/hotel-palacio-azteca-tijuana-trademark\/overview\" target=\"_blank\">\n\t\t\t\t\t\t<span class=\"elementor-button-content-wrapper\">\n\t\t\t\t\t\t<span class=\"elementor-button-text\">RESERVE<\/span>\n\t\t<\/span>\n\t\t\t\t\t<\/a>\n\t\t<\/div>\n\t\t\t\t<\/div>\n\t\t\t\t<\/div>\n\t\t\t\t<\/div>\n\t\t<div class=\"elementor-element elementor-element-1627e08 e-con-full e-flex e-con e-child\" data-id=\"1627e08\" data-element_type=\"container\" data-settings=\"{&quot;content_width&quot;:&quot;full&quot;}\">\n\t\t\t\t<div class=\"elementor-element elementor-element-d31f0e8 elementor-widget elementor-widget-google_maps\" data-id=\"d31f0e8\" data-element_type=\"widget\" data-widget_type=\"google_maps.default\">\n\t\t\t\t<div class=\"elementor-widget-container\">\n\t\t\t<style>\/*! elementor - v3.18.0 - 20-12-2023 *\/\n.elementor-widget-google_maps .elementor-widget-container{overflow:hidden}.elementor-widget-google_maps .elementor-custom-embed{line-height:0}.elementor-widget-google_maps iframe{height:300px}<\/style>\t\t<div class=\"elementor-custom-embed\">\n\t\t\t<iframe loading=\"lazy\"\n\t\t\t\t\tsrc=\"https:\/\/maps.google.com\/maps?q=Hotel%20Palacio%20Azteca%20Tijuana&#038;t=m&#038;z=13&#038;output=embed&#038;iwloc=near\"\n\t\t\t\t\ttitle=\"Hotel Palacio Azteca Tijuana\"\n\t\t\t\t\taria-label=\"Hotel Palacio Azteca Tijuana\"\n\t\t\t><\/iframe>\n\t\t<\/div>\n\t\t\t\t<\/div>\n\t\t\t\t<\/div>\n\t\t\t\t<\/div>\n\t\t\t\t\t<\/div>\n\t\t\t\t<\/div>\n\t\t<div class=\"elementor-element elementor-element-9b41198 e-flex e-con-boxed e-con e-parent\" data-id=\"9b41198\" data-element_type=\"container\" data-settings=\"{&quot;content_width&quot;:&quot;boxed&quot;}\" data-core-v316-plus=\"true\">\n\t\t\t\t\t<div class=\"e-con-inner\">\n\t\t\t\t<div class=\"elementor-element elementor-element-6a9925d elementor-widget elementor-widget-text-editor\" data-id=\"6a9925d\" data-element_type=\"widget\" data-widget_type=\"text-editor.default\">\n\t\t\t\t<div class=\"elementor-widget-container\">\n\t\t\t<style>\/*! elementor - v3.18.0 - 20-12-2023 *\/\n.elementor-widget-text-editor.elementor-drop-cap-view-stacked .elementor-drop-cap{background-color:#69727d;color:#fff}.elementor-widget-text-editor.elementor-drop-cap-view-framed .elementor-drop-cap{color:#69727d;border:3px solid;background-color:transparent}.elementor-widget-text-editor:not(.elementor-drop-cap-view-default) .elementor-drop-cap{margin-top:8px}.elementor-widget-text-editor:not(.elementor-drop-cap-view-default) .elementor-drop-cap-letter{width:1em;height:1em}.elementor-widget-text-editor .elementor-drop-cap{float:left;text-align:center;line-height:1;font-size:50px}.elementor-widget-text-editor .elementor-drop-cap-letter{display:inline-block}<\/style>\t\t\t\t<p><b>AVISO DE PRIVACIDAD<\/b>:\u00a0En cumplimiento generado por el art\u00edculo 15 de la\u00a0\u00a0 Ley Federal de Datos Personales en Posesi\u00f3n de los Particulares, se hace de su conocimiento que la informaci\u00f3n personal que nos ha\u00a0 proporcionado, ser\u00e1 utilizada para cumplir con la obligaci\u00f3n legal de\u00a0 llevar un registro de hu\u00e9spedes, env\u00edo de facturas y notificaci\u00f3n de\u00a0 promociones, por lo que no se le dar\u00e1 tratamiento diferente alguno a los datos personales aqu\u00ed obtenidos.\u00a0 Si desea m\u00e1s informaci\u00f3n, puede dirigirse al correo\u00a0\u00a0<u>administracion@<wbr \/>hotelpalacioazteca.com<\/u><\/p>\t\t\t\t\t\t<\/div>\n\t\t\t\t<\/div>\n\t\t\t\t\t<\/div>\n\t\t\t\t<\/div>\n\t\t\t\t\t\t\t<\/div>\n\t\t","protected":false},"excerpt":{"rendered":"<p>Blvd. Cuauht\u00e9moc Sur no. 213 Col. D\u00e1vila, Tijuana, B.C. C.P. 22044 Mex (664) 681 8100 USA 011 +52 (664) 6818100 RESERVE AVISO DE PRIVACIDAD:\u00a0En cumplimiento generado por el art\u00edculo 15 de la\u00a0\u00a0 Ley Federal de Datos Personales en Posesi\u00f3n de los Particulares, se hace de su conocimiento que la informaci\u00f3n personal que nos ha\u00a0 proporcionado, [&hellip;]<\/p>\n","protected":false},"author":1,"featured_media":0,"parent":0,"menu_order":0,"comment_status":"closed","ping_status":"closed","template":"","meta":{"om_disable_all_campaigns":false,"_monsterinsights_skip_tracking":false,"_monsterinsights_sitenote_active":false,"_monsterinsights_sitenote_note":"","_monsterinsights_sitenote_category":0,"footnotes":""},"blocksy_meta":[],"aioseo_notices":[],"_links":{"self":[{"href":"https:\/\/hotelpalacioazteca.com\/index.php?rest_route=\/wp\/v2\/pages\/430"}],"collection":[{"href":"https:\/\/hotelpalacioazteca.com\/index.php?rest_route=\/wp\/v2\/pages"}],"about":[{"href":"https:\/\/hotelpalacioazteca.com\/index.php?rest_route=\/wp\/v2\/types\/page"}],"author":[{"embeddable":true,"href":"https:\/\/hotelpalacioazteca.com\/index.php?rest_route=\/wp\/v2\/users\/1"}],"replies":[{"embeddable":true,"href":"https:\/\/hotelpalacioazteca.com\/index.php?rest_route=%2Fwp%2Fv2%2Fcomments&post=430"}],"version-history":[{"count":16,"href":"https:\/\/hotelpalacioazteca.com\/index.php?rest_route=\/wp\/v2\/pages\/430\/revisions"}],"predecessor-version":[{"id":1071,"href":"https:\/\/hotelpalacioazteca.com\/index.php?rest_route=\/wp\/v2\/pages\/430\/revisions\/1071"}],"wp:attachment":[{"href":"https:\/\/hotelpalacioazteca.com\/index.php?rest_route=%2Fwp%2Fv2%2Fmedia&parent=430"}],"curies":[{"name":"wp","href":"https:\/\/api.w.org\/{rel}","templated":true}]}}