{"id":715,"date":"2024-12-03T13:15:05","date_gmt":"2024-12-03T13:15:05","guid":{"rendered":"https:\/\/hotelpalacioazteca.com\/?page_id=715"},"modified":"2026-04-06T22:08:27","modified_gmt":"2026-04-06T22:08:27","slug":"eventos-2","status":"publish","type":"page","link":"https:\/\/hotelpalacioazteca.com\/?page_id=715","title":{"rendered":"Eventos"},"content":{"rendered":"\t\t<div data-elementor-type=\"wp-page\" data-elementor-id=\"715\" class=\"elementor elementor-715\">\n\t\t\t\t\t\t\t<div class=\"elementor-element elementor-element-8d44c1c e-flex e-con-boxed e-con e-parent\" data-id=\"8d44c1c\" data-element_type=\"container\" data-settings=\"{&quot;content_width&quot;:&quot;boxed&quot;}\" data-core-v316-plus=\"true\">\n\t\t\t\t\t<div class=\"e-con-inner\">\n\t\t<div class=\"elementor-element elementor-element-28e3851 e-con-full e-flex e-con e-child\" data-id=\"28e3851\" data-element_type=\"container\" data-settings=\"{&quot;content_width&quot;:&quot;full&quot;}\">\n\t\t\t\t<div class=\"elementor-element elementor-element-64d4f4a elementor-widget elementor-widget-heading\" data-id=\"64d4f4a\" data-element_type=\"widget\" data-widget_type=\"heading.default\">\n\t\t\t\t<div class=\"elementor-widget-container\">\n\t\t\t<style>\/*! elementor - v3.18.0 - 20-12-2023 *\/\n.elementor-heading-title{padding:0;margin:0;line-height:1}.elementor-widget-heading .elementor-heading-title[class*=elementor-size-]>a{color:inherit;font-size:inherit;line-height:inherit}.elementor-widget-heading .elementor-heading-title.elementor-size-small{font-size:15px}.elementor-widget-heading .elementor-heading-title.elementor-size-medium{font-size:19px}.elementor-widget-heading .elementor-heading-title.elementor-size-large{font-size:29px}.elementor-widget-heading .elementor-heading-title.elementor-size-xl{font-size:39px}.elementor-widget-heading .elementor-heading-title.elementor-size-xxl{font-size:59px}<\/style><h2 class=\"elementor-heading-title elementor-size-default\">\u00a1Empecemos a planear!<\/h2>\t\t<\/div>\n\t\t\t\t<\/div>\n\t\t\t\t<\/div>\n\t\t<div class=\"elementor-element elementor-element-e1a30e8 e-con-full e-flex e-con e-child\" data-id=\"e1a30e8\" data-element_type=\"container\" data-settings=\"{&quot;content_width&quot;:&quot;full&quot;}\">\n\t\t\t\t<div class=\"elementor-element elementor-element-ac2ab79 elementor-widget elementor-widget-heading\" data-id=\"ac2ab79\" data-element_type=\"widget\" data-widget_type=\"heading.default\">\n\t\t\t\t<div class=\"elementor-widget-container\">\n\t\t\t<h2 class=\"elementor-heading-title elementor-size-default\">Celebraciones Memorables<\/h2>\t\t<\/div>\n\t\t\t\t<\/div>\n\t\t\t\t<\/div>\n\t\t\t\t\t<\/div>\n\t\t\t\t<\/div>\n\t\t<div class=\"elementor-element elementor-element-afefba9 e-flex e-con-boxed e-con e-parent\" data-id=\"afefba9\" data-element_type=\"container\" data-settings=\"{&quot;content_width&quot;:&quot;boxed&quot;}\" data-core-v316-plus=\"true\">\n\t\t\t\t\t<div class=\"e-con-inner\">\n\t\t<div class=\"elementor-element elementor-element-82ae5d6 e-con-full e-flex e-con e-child\" data-id=\"82ae5d6\" data-element_type=\"container\" data-settings=\"{&quot;content_width&quot;:&quot;full&quot;}\">\n\t\t\t\t<div class=\"elementor-element elementor-element-cd4d317 elementor-widget elementor-widget-html\" data-id=\"cd4d317\" data-element_type=\"widget\" data-widget_type=\"html.default\">\n\t\t\t\t<div class=\"elementor-widget-container\">\n\t\t\t\r\n    <iframe\r\n      id=\"JotFormIFrame-222475760789066\"\r\n      title=\"Reserva tu evento\"\r\n      onload=\"window.parent.scrollTo(0,0)\"\r\n      allowtransparency=\"true\"\r\n      allow=\"geolocation; microphone; camera; fullscreen\"\r\n      src=\"https:\/\/form.jotform.com\/222475760789066\"\r\n      frameborder=\"0\"\r\n      style=\"min-width:100%;max-width:100%;height:539px;border:none;\"\r\n      scrolling=\"no\"\r\n    >\r\n    <\/iframe>\r\n    <script src='https:\/\/cdn.jotfor.ms\/s\/umd\/latest\/for-form-embed-handler.js'><\/script>\r\n    <script>window.jotformEmbedHandler(\"iframe[id='JotFormIFrame-222475760789066']\", \"https:\/\/form.jotform.com\/\")<\/script>\r\n    >\t\t<\/div>\n\t\t\t\t<\/div>\n\t\t\t\t<\/div>\n\t\t<div class=\"elementor-element elementor-element-4bc0b6c e-con-full e-flex e-con e-child\" data-id=\"4bc0b6c\" data-element_type=\"container\" data-settings=\"{&quot;content_width&quot;:&quot;full&quot;}\">\n\t\t\t\t<div class=\"elementor-element elementor-element-3e44bb1 elementor-widget elementor-widget-text-editor\" data-id=\"3e44bb1\" data-element_type=\"widget\" data-widget_type=\"text-editor.default\">\n\t\t\t\t<div class=\"elementor-widget-container\">\n\t\t\t<style>\/*! elementor - v3.18.0 - 20-12-2023 *\/\n.elementor-widget-text-editor.elementor-drop-cap-view-stacked .elementor-drop-cap{background-color:#69727d;color:#fff}.elementor-widget-text-editor.elementor-drop-cap-view-framed .elementor-drop-cap{color:#69727d;border:3px solid;background-color:transparent}.elementor-widget-text-editor:not(.elementor-drop-cap-view-default) .elementor-drop-cap{margin-top:8px}.elementor-widget-text-editor:not(.elementor-drop-cap-view-default) .elementor-drop-cap-letter{width:1em;height:1em}.elementor-widget-text-editor .elementor-drop-cap{float:left;text-align:center;line-height:1;font-size:50px}.elementor-widget-text-editor .elementor-drop-cap-letter{display:inline-block}<\/style>\t\t\t\t<p>Nuestros espacios son perfectos para fiestas de aniversario, comuniones, bautizos, despedidas de soltera o cualquier celebraci\u00f3n. Ya sea que est\u00e9 organizando un almuerzo de celebraci\u00f3n o\u00a0 reuni\u00f3n empresarial cada uno de nuestros elegantes espacios brinda confort y calidez.<\/p><p>Cuidamos todos los detalles para que te dediques a disfrutar tu evento.<\/p>\t\t\t\t\t\t<\/div>\n\t\t\t\t<\/div>\n\t\t\t\t<div class=\"elementor-element elementor-element-913733e gallery-spacing-custom elementor-widget elementor-widget-image-gallery\" data-id=\"913733e\" data-element_type=\"widget\" data-widget_type=\"image-gallery.default\">\n\t\t\t\t<div class=\"elementor-widget-container\">\n\t\t\t<style>\/*! elementor - v3.18.0 - 20-12-2023 *\/\n.elementor-image-gallery .gallery-item{display:inline-block;text-align:center;vertical-align:top;width:100%;max-width:100%;margin:0 auto}.elementor-image-gallery .gallery-item img{margin:0 auto}.elementor-image-gallery .gallery-item .gallery-caption{margin:0}.elementor-image-gallery figure img{display:block}.elementor-image-gallery figure figcaption{width:100%}.gallery-spacing-custom .elementor-image-gallery .gallery-icon{padding:0}@media (min-width:768px){.elementor-image-gallery .gallery-columns-2 .gallery-item{max-width:50%}.elementor-image-gallery .gallery-columns-3 .gallery-item{max-width:33.33%}.elementor-image-gallery .gallery-columns-4 .gallery-item{max-width:25%}.elementor-image-gallery .gallery-columns-5 .gallery-item{max-width:20%}.elementor-image-gallery .gallery-columns-6 .gallery-item{max-width:16.666%}.elementor-image-gallery .gallery-columns-7 .gallery-item{max-width:14.28%}.elementor-image-gallery .gallery-columns-8 .gallery-item{max-width:12.5%}.elementor-image-gallery .gallery-columns-9 .gallery-item{max-width:11.11%}.elementor-image-gallery .gallery-columns-10 .gallery-item{max-width:10%}}@media (min-width:480px) and (max-width:767px){.elementor-image-gallery .gallery.gallery-columns-2 .gallery-item,.elementor-image-gallery .gallery.gallery-columns-3 .gallery-item,.elementor-image-gallery .gallery.gallery-columns-4 .gallery-item,.elementor-image-gallery .gallery.gallery-columns-5 .gallery-item,.elementor-image-gallery .gallery.gallery-columns-6 .gallery-item,.elementor-image-gallery .gallery.gallery-columns-7 .gallery-item,.elementor-image-gallery .gallery.gallery-columns-8 .gallery-item,.elementor-image-gallery .gallery.gallery-columns-9 .gallery-item,.elementor-image-gallery .gallery.gallery-columns-10 .gallery-item{max-width:50%}}@media (max-width:479px){.elementor-image-gallery .gallery.gallery-columns-2 .gallery-item,.elementor-image-gallery .gallery.gallery-columns-3 .gallery-item,.elementor-image-gallery .gallery.gallery-columns-4 .gallery-item,.elementor-image-gallery .gallery.gallery-columns-5 .gallery-item,.elementor-image-gallery .gallery.gallery-columns-6 .gallery-item,.elementor-image-gallery .gallery.gallery-columns-7 .gallery-item,.elementor-image-gallery .gallery.gallery-columns-8 .gallery-item,.elementor-image-gallery .gallery.gallery-columns-9 .gallery-item,.elementor-image-gallery .gallery.gallery-columns-10 .gallery-item{max-width:100%}}<\/style>\t\t<div class=\"elementor-image-gallery\">\n\t\t\t<div id='gallery-1' class='gallery galleryid-715 gallery-columns-2 gallery-size-medium_large'><figure class='gallery-item'>\n\t\t\t<div class='gallery-icon landscape'>\n\t\t\t\t<a data-elementor-open-lightbox=\"yes\" data-elementor-lightbox-slideshow=\"913733e\" data-elementor-lightbox-title=\"dscn0495\" data-e-action-hash=\"#elementor-action%3Aaction%3Dlightbox%26settings%3DeyJpZCI6NTkwLCJ1cmwiOiJodHRwczpcL1wvaG90ZWxwYWxhY2lvYXp0ZWNhLmNvbVwvd3AtY29udGVudFwvdXBsb2Fkc1wvMjAyNFwvMTFcL2RzY24wNDk1LmpwZyIsInNsaWRlc2hvdyI6IjkxMzczM2UifQ%3D%3D\" href='https:\/\/hotelpalacioazteca.com\/wp-content\/uploads\/2024\/11\/dscn0495.jpg'><img fetchpriority=\"high\" decoding=\"async\" width=\"500\" height=\"375\" src=\"https:\/\/hotelpalacioazteca.com\/wp-content\/uploads\/2024\/11\/dscn0495.jpg\" class=\"attachment-medium_large size-medium_large\" alt=\"\" srcset=\"https:\/\/hotelpalacioazteca.com\/wp-content\/uploads\/2024\/11\/dscn0495.jpg 500w, https:\/\/hotelpalacioazteca.com\/wp-content\/uploads\/2024\/11\/dscn0495-300x225.jpg 300w\" sizes=\"(max-width: 500px) 100vw, 500px\" \/><\/a>\n\t\t\t<\/div><\/figure><figure class='gallery-item'>\n\t\t\t<div class='gallery-icon landscape'>\n\t\t\t\t<a data-elementor-open-lightbox=\"yes\" data-elementor-lightbox-slideshow=\"913733e\" data-elementor-lightbox-title=\"dscn0428\" data-e-action-hash=\"#elementor-action%3Aaction%3Dlightbox%26settings%3DeyJpZCI6NTg0LCJ1cmwiOiJodHRwczpcL1wvaG90ZWxwYWxhY2lvYXp0ZWNhLmNvbVwvd3AtY29udGVudFwvdXBsb2Fkc1wvMjAyNFwvMTFcL2RzY24wNDI4LmpwZyIsInNsaWRlc2hvdyI6IjkxMzczM2UifQ%3D%3D\" href='https:\/\/hotelpalacioazteca.com\/wp-content\/uploads\/2024\/11\/dscn0428.jpg'><img decoding=\"async\" width=\"768\" height=\"576\" src=\"https:\/\/hotelpalacioazteca.com\/wp-content\/uploads\/2024\/11\/dscn0428-768x576.jpg\" class=\"attachment-medium_large size-medium_large\" alt=\"\" srcset=\"https:\/\/hotelpalacioazteca.com\/wp-content\/uploads\/2024\/11\/dscn0428-768x576.jpg 768w, https:\/\/hotelpalacioazteca.com\/wp-content\/uploads\/2024\/11\/dscn0428-300x225.jpg 300w, https:\/\/hotelpalacioazteca.com\/wp-content\/uploads\/2024\/11\/dscn0428-1024x768.jpg 1024w, https:\/\/hotelpalacioazteca.com\/wp-content\/uploads\/2024\/11\/dscn0428.jpg 1500w\" sizes=\"(max-width: 768px) 100vw, 768px\" \/><\/a>\n\t\t\t<\/div><\/figure><figure class='gallery-item'>\n\t\t\t<div class='gallery-icon landscape'>\n\t\t\t\t<a data-elementor-open-lightbox=\"yes\" data-elementor-lightbox-slideshow=\"913733e\" data-elementor-lightbox-title=\"dscn0425\" data-e-action-hash=\"#elementor-action%3Aaction%3Dlightbox%26settings%3DeyJpZCI6NTgyLCJ1cmwiOiJodHRwczpcL1wvaG90ZWxwYWxhY2lvYXp0ZWNhLmNvbVwvd3AtY29udGVudFwvdXBsb2Fkc1wvMjAyNFwvMTFcL2RzY24wNDI1LmpwZyIsInNsaWRlc2hvdyI6IjkxMzczM2UifQ%3D%3D\" href='https:\/\/hotelpalacioazteca.com\/wp-content\/uploads\/2024\/11\/dscn0425.jpg'><img decoding=\"async\" width=\"768\" height=\"576\" src=\"https:\/\/hotelpalacioazteca.com\/wp-content\/uploads\/2024\/11\/dscn0425-768x576.jpg\" class=\"attachment-medium_large size-medium_large\" alt=\"\" srcset=\"https:\/\/hotelpalacioazteca.com\/wp-content\/uploads\/2024\/11\/dscn0425-768x576.jpg 768w, https:\/\/hotelpalacioazteca.com\/wp-content\/uploads\/2024\/11\/dscn0425-300x225.jpg 300w, https:\/\/hotelpalacioazteca.com\/wp-content\/uploads\/2024\/11\/dscn0425-1024x768.jpg 1024w, https:\/\/hotelpalacioazteca.com\/wp-content\/uploads\/2024\/11\/dscn0425.jpg 1500w\" sizes=\"(max-width: 768px) 100vw, 768px\" \/><\/a>\n\t\t\t<\/div><\/figure><figure class='gallery-item'>\n\t\t\t<div class='gallery-icon landscape'>\n\t\t\t\t<a data-elementor-open-lightbox=\"yes\" data-elementor-lightbox-slideshow=\"913733e\" data-elementor-lightbox-title=\"dsc_0516-crop-u17024\" data-e-action-hash=\"#elementor-action%3Aaction%3Dlightbox%26settings%3DeyJpZCI6NTMyLCJ1cmwiOiJodHRwczpcL1wvaG90ZWxwYWxhY2lvYXp0ZWNhLmNvbVwvd3AtY29udGVudFwvdXBsb2Fkc1wvMjAyNFwvMTFcL2RzY18wNTE2LWNyb3AtdTE3MDI0LmpwZyIsInNsaWRlc2hvdyI6IjkxMzczM2UifQ%3D%3D\" href='https:\/\/hotelpalacioazteca.com\/wp-content\/uploads\/2024\/11\/dsc_0516-crop-u17024.jpg'><img loading=\"lazy\" decoding=\"async\" width=\"741\" height=\"470\" src=\"https:\/\/hotelpalacioazteca.com\/wp-content\/uploads\/2024\/11\/dsc_0516-crop-u17024.jpg\" class=\"attachment-medium_large size-medium_large\" alt=\"\" srcset=\"https:\/\/hotelpalacioazteca.com\/wp-content\/uploads\/2024\/11\/dsc_0516-crop-u17024.jpg 741w, https:\/\/hotelpalacioazteca.com\/wp-content\/uploads\/2024\/11\/dsc_0516-crop-u17024-300x190.jpg 300w\" sizes=\"(max-width: 741px) 100vw, 741px\" \/><\/a>\n\t\t\t<\/div><\/figure><figure class='gallery-item'>\n\t\t\t<div class='gallery-icon landscape'>\n\t\t\t\t<a data-elementor-open-lightbox=\"yes\" data-elementor-lightbox-slideshow=\"913733e\" data-elementor-lightbox-title=\"dsc_0500\" data-e-action-hash=\"#elementor-action%3Aaction%3Dlightbox%26settings%3DeyJpZCI6NTMwLCJ1cmwiOiJodHRwczpcL1wvaG90ZWxwYWxhY2lvYXp0ZWNhLmNvbVwvd3AtY29udGVudFwvdXBsb2Fkc1wvMjAyNFwvMTFcL2RzY18wNTAwLmpwZyIsInNsaWRlc2hvdyI6IjkxMzczM2UifQ%3D%3D\" href='https:\/\/hotelpalacioazteca.com\/wp-content\/uploads\/2024\/11\/dsc_0500.jpg'><img loading=\"lazy\" decoding=\"async\" width=\"768\" height=\"512\" src=\"https:\/\/hotelpalacioazteca.com\/wp-content\/uploads\/2024\/11\/dsc_0500-768x512.jpg\" class=\"attachment-medium_large size-medium_large\" alt=\"\" srcset=\"https:\/\/hotelpalacioazteca.com\/wp-content\/uploads\/2024\/11\/dsc_0500-768x512.jpg 768w, https:\/\/hotelpalacioazteca.com\/wp-content\/uploads\/2024\/11\/dsc_0500-300x200.jpg 300w, https:\/\/hotelpalacioazteca.com\/wp-content\/uploads\/2024\/11\/dsc_0500-1024x682.jpg 1024w, https:\/\/hotelpalacioazteca.com\/wp-content\/uploads\/2024\/11\/dsc_0500-1536x1024.jpg 1536w, https:\/\/hotelpalacioazteca.com\/wp-content\/uploads\/2024\/11\/dsc_0500-2048x1365.jpg 2048w\" sizes=\"(max-width: 768px) 100vw, 768px\" \/><\/a>\n\t\t\t<\/div><\/figure><figure class='gallery-item'>\n\t\t\t<div class='gallery-icon landscape'>\n\t\t\t\t<a data-elementor-open-lightbox=\"yes\" data-elementor-lightbox-slideshow=\"913733e\" data-elementor-lightbox-title=\"dsc_0482-crop-u172042\" data-e-action-hash=\"#elementor-action%3Aaction%3Dlightbox%26settings%3DeyJpZCI6NTE4LCJ1cmwiOiJodHRwczpcL1wvaG90ZWxwYWxhY2lvYXp0ZWNhLmNvbVwvd3AtY29udGVudFwvdXBsb2Fkc1wvMjAyNFwvMTFcL2RzY18wNDgyLWNyb3AtdTE3MjA0Mi5qcGciLCJzbGlkZXNob3ciOiI5MTM3MzNlIn0%3D\" href='https:\/\/hotelpalacioazteca.com\/wp-content\/uploads\/2024\/11\/dsc_0482-crop-u172042.jpg'><img loading=\"lazy\" decoding=\"async\" width=\"327\" height=\"207\" src=\"https:\/\/hotelpalacioazteca.com\/wp-content\/uploads\/2024\/11\/dsc_0482-crop-u172042.jpg\" class=\"attachment-medium_large size-medium_large\" alt=\"\" srcset=\"https:\/\/hotelpalacioazteca.com\/wp-content\/uploads\/2024\/11\/dsc_0482-crop-u172042.jpg 327w, https:\/\/hotelpalacioazteca.com\/wp-content\/uploads\/2024\/11\/dsc_0482-crop-u172042-300x190.jpg 300w\" sizes=\"(max-width: 327px) 100vw, 327px\" \/><\/a>\n\t\t\t<\/div><\/figure><figure class='gallery-item'>\n\t\t\t<div class='gallery-icon landscape'>\n\t\t\t\t<a data-elementor-open-lightbox=\"yes\" data-elementor-lightbox-slideshow=\"913733e\" data-elementor-lightbox-title=\"2017-11-25 194807-u1171-fr\" data-e-action-hash=\"#elementor-action%3Aaction%3Dlightbox%26settings%3DeyJpZCI6NDc0LCJ1cmwiOiJodHRwczpcL1wvaG90ZWxwYWxhY2lvYXp0ZWNhLmNvbVwvd3AtY29udGVudFwvdXBsb2Fkc1wvMjAyNFwvMTFcLzIwMTctMTEtMjUtMTk0ODA3LXUxMTcxLWZyLmpwZyIsInNsaWRlc2hvdyI6IjkxMzczM2UifQ%3D%3D\" href='https:\/\/hotelpalacioazteca.com\/wp-content\/uploads\/2024\/11\/2017-11-25-194807-u1171-fr.jpg'><img loading=\"lazy\" decoding=\"async\" width=\"415\" height=\"311\" src=\"https:\/\/hotelpalacioazteca.com\/wp-content\/uploads\/2024\/11\/2017-11-25-194807-u1171-fr.jpg\" class=\"attachment-medium_large size-medium_large\" alt=\"\" srcset=\"https:\/\/hotelpalacioazteca.com\/wp-content\/uploads\/2024\/11\/2017-11-25-194807-u1171-fr.jpg 415w, https:\/\/hotelpalacioazteca.com\/wp-content\/uploads\/2024\/11\/2017-11-25-194807-u1171-fr-300x225.jpg 300w\" sizes=\"(max-width: 415px) 100vw, 415px\" \/><\/a>\n\t\t\t<\/div><\/figure><figure class='gallery-item'>\n\t\t\t<div class='gallery-icon landscape'>\n\t\t\t\t<a data-elementor-open-lightbox=\"yes\" data-elementor-lightbox-slideshow=\"913733e\" data-elementor-lightbox-title=\"IMG_6220\" data-e-action-hash=\"#elementor-action%3Aaction%3Dlightbox%26settings%3DeyJpZCI6Mzg4LCJ1cmwiOiJodHRwczpcL1wvaG90ZWxwYWxhY2lvYXp0ZWNhLmNvbVwvd3AtY29udGVudFwvdXBsb2Fkc1wvMjAyNFwvMTFcL0lNR182MjIwLXNjYWxlZC5qcGciLCJzbGlkZXNob3ciOiI5MTM3MzNlIn0%3D\" href='https:\/\/hotelpalacioazteca.com\/wp-content\/uploads\/2024\/11\/IMG_6220-scaled.jpg'><img loading=\"lazy\" decoding=\"async\" width=\"768\" height=\"512\" src=\"https:\/\/hotelpalacioazteca.com\/wp-content\/uploads\/2024\/11\/IMG_6220-768x512.jpg\" class=\"attachment-medium_large size-medium_large\" alt=\"\" srcset=\"https:\/\/hotelpalacioazteca.com\/wp-content\/uploads\/2024\/11\/IMG_6220-768x512.jpg 768w, https:\/\/hotelpalacioazteca.com\/wp-content\/uploads\/2024\/11\/IMG_6220-300x200.jpg 300w, https:\/\/hotelpalacioazteca.com\/wp-content\/uploads\/2024\/11\/IMG_6220-1024x683.jpg 1024w, https:\/\/hotelpalacioazteca.com\/wp-content\/uploads\/2024\/11\/IMG_6220-1536x1024.jpg 1536w, https:\/\/hotelpalacioazteca.com\/wp-content\/uploads\/2024\/11\/IMG_6220-2048x1365.jpg 2048w\" sizes=\"(max-width: 768px) 100vw, 768px\" \/><\/a>\n\t\t\t<\/div><\/figure>\n\t\t<\/div>\n\t\t<\/div>\n\t\t\t\t<\/div>\n\t\t\t\t<\/div>\n\t\t\t\t<\/div>\n\t\t\t\t\t<\/div>\n\t\t\t\t<\/div>\n\t\t\t\t\t\t\t<\/div>\n\t\t","protected":false},"excerpt":{"rendered":"<p>\u00a1Empecemos a planear! Celebraciones Memorables > Nuestros espacios son perfectos para fiestas de aniversario, comuniones, bautizos, despedidas de soltera o cualquier celebraci\u00f3n. Ya sea que est\u00e9 organizando un almuerzo de celebraci\u00f3n o\u00a0 reuni\u00f3n empresarial cada uno de nuestros elegantes espacios brinda confort y calidez. Cuidamos todos los detalles para que te dediques a disfrutar tu [&hellip;]<\/p>\n","protected":false},"author":1,"featured_media":0,"parent":0,"menu_order":0,"comment_status":"closed","ping_status":"closed","template":"","meta":{"om_disable_all_campaigns":false,"_monsterinsights_skip_tracking":false,"_monsterinsights_sitenote_active":false,"_monsterinsights_sitenote_note":"","_monsterinsights_sitenote_category":0,"footnotes":""},"blocksy_meta":[],"aioseo_notices":[],"_links":{"self":[{"href":"https:\/\/hotelpalacioazteca.com\/index.php?rest_route=\/wp\/v2\/pages\/715"}],"collection":[{"href":"https:\/\/hotelpalacioazteca.com\/index.php?rest_route=\/wp\/v2\/pages"}],"about":[{"href":"https:\/\/hotelpalacioazteca.com\/index.php?rest_route=\/wp\/v2\/types\/page"}],"author":[{"embeddable":true,"href":"https:\/\/hotelpalacioazteca.com\/index.php?rest_route=\/wp\/v2\/users\/1"}],"replies":[{"embeddable":true,"href":"https:\/\/hotelpalacioazteca.com\/index.php?rest_route=%2Fwp%2Fv2%2Fcomments&post=715"}],"version-history":[{"count":25,"href":"https:\/\/hotelpalacioazteca.com\/index.php?rest_route=\/wp\/v2\/pages\/715\/revisions"}],"predecessor-version":[{"id":1334,"href":"https:\/\/hotelpalacioazteca.com\/index.php?rest_route=\/wp\/v2\/pages\/715\/revisions\/1334"}],"wp:attachment":[{"href":"https:\/\/hotelpalacioazteca.com\/index.php?rest_route=%2Fwp%2Fv2%2Fmedia&parent=715"}],"curies":[{"name":"wp","href":"https:\/\/api.w.org\/{rel}","templated":true}]}}